{"id":786,"date":"2012-03-09T09:56:03","date_gmt":"2012-03-09T08:56:03","guid":{"rendered":"http:\/\/dietenberger.de\/blog\/?page_id=786"},"modified":"2012-03-09T09:56:45","modified_gmt":"2012-03-09T08:56:45","slug":"personlich","status":"publish","type":"page","link":"https:\/\/dietenberger.de\/blog\/personlich\/","title":{"rendered":"Pers\u00f6nlich"},"content":{"rendered":"<div id=\"templatemo_features\">\n<p><a href=\"https:\/\/i0.wp.com\/dietenberger.de\/blog\/wp-content\/uploads\/2012\/03\/AndreDietenberger.jpg?ssl=1\"><img data-recalc-dims=\"1\" loading=\"lazy\" decoding=\"async\" data-attachment-id=\"793\" data-permalink=\"https:\/\/dietenberger.de\/blog\/personlich\/andredietenberger\/\" data-orig-file=\"https:\/\/i0.wp.com\/dietenberger.de\/blog\/wp-content\/uploads\/2012\/03\/AndreDietenberger.jpg?fit=300%2C237&amp;ssl=1\" data-orig-size=\"300,237\" data-comments-opened=\"1\" data-image-meta=\"{&quot;aperture&quot;:&quot;0&quot;,&quot;credit&quot;:&quot;&quot;,&quot;camera&quot;:&quot;&quot;,&quot;caption&quot;:&quot;&quot;,&quot;created_timestamp&quot;:&quot;0&quot;,&quot;copyright&quot;:&quot;&quot;,&quot;focal_length&quot;:&quot;0&quot;,&quot;iso&quot;:&quot;0&quot;,&quot;shutter_speed&quot;:&quot;0&quot;,&quot;title&quot;:&quot;&quot;}\" data-image-title=\"Andre Dietenberger\" data-image-description=\"\" data-image-caption=\"\" data-large-file=\"https:\/\/i0.wp.com\/dietenberger.de\/blog\/wp-content\/uploads\/2012\/03\/AndreDietenberger.jpg?fit=300%2C237&amp;ssl=1\" class=\"wp-image-793 alignleft\" title=\"Andre Dietenberger\" src=\"https:\/\/i0.wp.com\/dietenberger.de\/blog\/wp-content\/uploads\/2012\/03\/AndreDietenberger.jpg?resize=150%2C110&#038;ssl=1\" alt=\"\" width=\"150\" height=\"110\" \/><\/a>Hallo, mein Name ist Andr\u00e9 Dietenberger.<br \/>\nSch\u00f6n dass Sie ein wenig Zeit gefunden haben um mehr \u00fcber mich zu erfahren.<\/p>\n<p>\u00dcber sich selbst etwas zu erz\u00e4hlen ist wirklich nicht leicht.<br \/>\nWas interessiert den Leser und was nicht?<br \/>\nSchreibt man zu viel pers\u00f6nliches wird es langweilig und schreibt man zu wenig wird es auch nichts richtiges. Schlussendlich bekommt man sowieso erst ein richtiges Bild von einem Menschen, wenn man ihm einmal wirklich begegnet ist.<br \/>\nAus diesem Grund habe ich einfach einmal ein paar Freunde gebeten einige Eindr\u00fccke \u00fcber mich aufzuschreiben.<\/p>\n<blockquote>\n<address>Also ich glaube mit dir kann man echt Pferde stehlen gehen. Ich habe dich als einen super Freund kennengelernt und m\u00f6chte auch das wir das immer erhalten k\u00f6nnen (vor allem wenn du jetzt so nah hier bist).<br \/>\nWir haben immer sehr viel Spa\u00df miteinander und sind oft einer Meinung! Wenn du auch manchmal ein wenig zu l\u00e4ssig an manche Dinge rangegangen bist (BKFH Du h\u00e4ttest es geschafft!) hast du nun deine Chance bekommen und ich denke das dieser Job auch sehr gut zu Dir pa\u00dft!.<br \/>\n<strong>Thomas B. aus Heilbronn<\/strong><\/address>\n<\/blockquote>\n<blockquote>\n<address>Schnelle Auffasungsgabe, Logik &#8211; Denken, Flexibel gute Argumentation, Diskussionsfreudig, (nicht Linuxler&#8212;hahaha). Teamarbeit kein Problem, Integrationsfreudig seri\u00f6ses Auftreten (&#8230;.angenehmer Nachbar).<br \/>\nManchmal um 9.00 Uhr etwas tr\u00e4ge, aber auch lustig. Evtl. auch ein wenig workoholic?-daf\u00fcr aber ausgeglichen!<br \/>\nSurfbegeistert im Internet &#8211; was aber nun beruflich ist! Gewissenhaft bei L\u00f6sung eines Problemes.<br \/>\n<strong>Mik S. aus Waldshut<\/strong><\/address>\n<\/blockquote>\n<blockquote>\n<address>Also ich w\u00fcrde mal sagen: Offen, ehrlich, manchmal zur\u00fcckhaltend<br \/>\n(nach dem Motto: stille Wasser sind tief) oder auch mal spontan.<br \/>\nIch glaub man k\u00f6nnte auch sagen introvertiert ( ist aber nichts schlechtes).<br \/>\nDas Wort nett w\u00fcrde mir ein wenig zu plumb wirken als Beschreibung.<br \/>\n<strong>Harald J. aus Voerde<\/strong><\/address>\n<\/blockquote>\n<blockquote>\n<address>Freundlich, sehr hilfsbereit, nett. Alles was einen Traumschwiegersohn so ausmacht.<br \/>\nUnd das ist das, was man als vielleicht (aber nur wenn man will) auch als negativ auslegen kann. ..zu brav.<br \/>\nAber sonst ist das alles OK. Ich w\u00e4re froh, es g\u00e4be noch ein paar Menschen mehr auf der Welt, die so freundlich, sehr hilfsbereit, nett usw. w\u00e4ren.<br \/>\nAlles im gr\u00fcnen Bereich.<br \/>\n<strong>Ralph Q. aus Bonndorf<\/strong><\/address>\n<\/blockquote>\n<\/div>\n","protected":false},"excerpt":{"rendered":"<p>Hallo, mein Name ist Andr\u00e9 Dietenberger. Sch\u00f6n dass Sie ein wenig Zeit gefunden haben um mehr \u00fcber mich zu erfahren. \u00dcber sich selbst etwas zu erz\u00e4hlen ist wirklich nicht leicht. Was interessiert den Leser und was nicht? Schreibt man zu viel pers\u00f6nliches wird es langweilig und schreibt man zu wenig wird es auch nichts richtiges. [&hellip;]<\/p>\n","protected":false},"author":1,"featured_media":0,"parent":0,"menu_order":1,"comment_status":"open","ping_status":"open","template":"","meta":{"ngg_post_thumbnail":0,"jetpack_post_was_ever_published":false,"footnotes":""},"class_list":["post-786","page","type-page","status-publish","hentry"],"jetpack_shortlink":"https:\/\/wp.me\/P1EwkB-cG","jetpack_sharing_enabled":true,"_links":{"self":[{"href":"https:\/\/dietenberger.de\/blog\/wp-json\/wp\/v2\/pages\/786","targetHints":{"allow":["GET"]}}],"collection":[{"href":"https:\/\/dietenberger.de\/blog\/wp-json\/wp\/v2\/pages"}],"about":[{"href":"https:\/\/dietenberger.de\/blog\/wp-json\/wp\/v2\/types\/page"}],"author":[{"embeddable":true,"href":"https:\/\/dietenberger.de\/blog\/wp-json\/wp\/v2\/users\/1"}],"replies":[{"embeddable":true,"href":"https:\/\/dietenberger.de\/blog\/wp-json\/wp\/v2\/comments?post=786"}],"version-history":[{"count":11,"href":"https:\/\/dietenberger.de\/blog\/wp-json\/wp\/v2\/pages\/786\/revisions"}],"predecessor-version":[{"id":799,"href":"https:\/\/dietenberger.de\/blog\/wp-json\/wp\/v2\/pages\/786\/revisions\/799"}],"wp:attachment":[{"href":"https:\/\/dietenberger.de\/blog\/wp-json\/wp\/v2\/media?parent=786"}],"curies":[{"name":"wp","href":"https:\/\/api.w.org\/{rel}","templated":true}]}}