{"id":780,"date":"2012-03-09T09:35:22","date_gmt":"2012-03-09T08:35:22","guid":{"rendered":"http:\/\/dietenberger.de\/blog\/?page_id=780"},"modified":"2022-01-10T10:10:43","modified_gmt":"2022-01-10T09:10:43","slug":"meine-familie","status":"publish","type":"page","link":"https:\/\/dietenberger.de\/blog\/meine-familie\/","title":{"rendered":"Meine Familie"},"content":{"rendered":"\n<p>Das Wichtigste was ich habe ist meine Familie.<br>Die drei kennen mich wohl am Besten und sind immer f\u00fcr mich da.<\/p>\n\n\n\n<h4 class=\"wp-block-heading\"><a href=\"https:\/\/manfred.dietenberger.de\/\"><strong>Manfred Dietenberger<\/strong><\/a> (*1952 &#8211; \u20202021)<\/h4>\n\n\n\n<p>Er war ein echt Badischer Seehas. Geboren als waschechter Seehas (wie ich auch) in Friedrichshafen am Schw\u00e4bischen Meer. Irgendwann hat es ihn<br>mit uns beruflich ins Badische verschlagen. <br>Er war politisch sehr engagiert und auch was die Geschichte der Hochrhein-Gegend so anbelangt. Das hat ihn dann auch zum Geschichtsverein gebracht, bei dem er sich jahrelang als Vorstand total reingeh\u00e4ngt und auch ab und an f\u00fcr den S\u00fcdkurier interessante Artikel zur Geschichte geschrieben hat.<\/p>\n\n\n\n<p>Aber vor allem war er mein Papa! Ok, wir hatten es sicherlich nicht immer leicht miteinander (Zwei Dicksch\u00e4del); aber ich glaub das geh\u00f6rt so.<\/p>\n\n\n\n<p><strong>Er fehlt mir<\/strong><\/p>\n\n\n\n<h4 class=\"wp-block-heading\"><strong>Helga Dietenberger (geb. K\u00fchlwein)<\/strong><\/h4>\n\n\n\n<p>Aufgewachsen in Stuttgart und hat mir die Liebe zum St\u00e4dtle irgendwie in einem Gen mitgegeben.<br>Ich glaub ein paar graue Haare k\u00f6nnten auch von mir verursacht worden sein. \u2013 Aber nat\u00fcrlich nur ein paar.<br>Nachdem meine Mama uns beide Chaoten (einigerma\u00dfen) gro\u00df gezogen hat, ist sie noch mal durchgestartet.<br>Sie war jahrzehnte lang bei der Verbaucherzentrale Baden-W\u00fcrttemberg eine feste Gr\u00f6\u00dfe, mischte \u00fcber 20 Jahre bei der SPD Fraktion Albbruck im Gemeinderat mit und war trotzdem immer f\u00fcr uns da wenn mal Not am Mann (oder Frau) ist.<\/p>\n\n\n\n<h4 class=\"wp-block-heading\"><strong>Susanne Dietenberger<\/strong><\/h4>\n\n\n\n<p>Meine Lieblingsschwester! (ok ich hab nur eine)<br>Es gab eine Zeit da war sie dauernd auf Achse. Frei nach dem Motto: \u201eWer rastet der rostet\u201c.<br>Sie kam ganz sch\u00f6n rum. Von Australien \u00fcber Kroatien, Portugal oder Stuttgart.<br>Vieles davon bereiste meine Schwester mit ihrem Busle. Dabei waren das in der Regel keine Wochenendtrips, sondern eher wochenlange Entdeckungsreisen.<br>Heute ist sie in Freiburg angekommen, hat eine Tochter und f\u00fchlt sich dort privat und beruflich recht wohl.<\/p>\n","protected":false},"excerpt":{"rendered":"<p>Das Wichtigste was ich habe ist meine Familie.Die drei kennen mich wohl am Besten und sind immer f\u00fcr mich da. Manfred Dietenberger (*1952 &#8211; \u20202021) Er war ein echt Badischer Seehas. Geboren als waschechter Seehas (wie ich auch) in Friedrichshafen am Schw\u00e4bischen Meer. Irgendwann hat es ihnmit uns beruflich ins Badische verschlagen. Er war politisch [&hellip;]<\/p>\n","protected":false},"author":1,"featured_media":0,"parent":0,"menu_order":0,"comment_status":"open","ping_status":"open","template":"","meta":{"ngg_post_thumbnail":0,"footnotes":""},"class_list":["post-780","page","type-page","status-publish","hentry"],"jetpack_shortlink":"https:\/\/wp.me\/P1EwkB-cA","jetpack_sharing_enabled":true,"_links":{"self":[{"href":"https:\/\/dietenberger.de\/blog\/wp-json\/wp\/v2\/pages\/780","targetHints":{"allow":["GET"]}}],"collection":[{"href":"https:\/\/dietenberger.de\/blog\/wp-json\/wp\/v2\/pages"}],"about":[{"href":"https:\/\/dietenberger.de\/blog\/wp-json\/wp\/v2\/types\/page"}],"author":[{"embeddable":true,"href":"https:\/\/dietenberger.de\/blog\/wp-json\/wp\/v2\/users\/1"}],"replies":[{"embeddable":true,"href":"https:\/\/dietenberger.de\/blog\/wp-json\/wp\/v2\/comments?post=780"}],"version-history":[{"count":10,"href":"https:\/\/dietenberger.de\/blog\/wp-json\/wp\/v2\/pages\/780\/revisions"}],"predecessor-version":[{"id":2478,"href":"https:\/\/dietenberger.de\/blog\/wp-json\/wp\/v2\/pages\/780\/revisions\/2478"}],"wp:attachment":[{"href":"https:\/\/dietenberger.de\/blog\/wp-json\/wp\/v2\/media?parent=780"}],"curies":[{"name":"wp","href":"https:\/\/api.w.org\/{rel}","templated":true}]}}